{"id":168,"date":"2022-12-24T08:35:34","date_gmt":"2022-12-24T08:35:34","guid":{"rendered":"https:\/\/kastitattoo.com\/?post_type=product&#038;p=168"},"modified":"2022-12-24T10:30:23","modified_gmt":"2022-12-24T10:30:23","slug":"lamina-vivir-para-vivir","status":"publish","type":"product","link":"https:\/\/kastitattoo.com\/?product=lamina-vivir-para-vivir","title":{"rendered":"L\u00e1mina Vivir para vivir"},"content":{"rendered":"","protected":false},"excerpt":{"rendered":"<p>L\u00e1mina tama\u00f1os A4 y A3 en papel de acuarela de 250gr\u00a0 \u00a0con ilustraci\u00f3n \u00abSolo vale la vida vivir para vivir\u00bb, (como dice la canci\u00f3n).<\/p>\n<p>(No incluye marco, peeeero va firmada)<\/p>\n","protected":false},"featured_media":174,"template":"","meta":{"rank_math_lock_modified_date":false,"site-sidebar-layout":"default","site-content-layout":"default","ast-global-header-display":"","ast-main-header-display":"","ast-hfb-above-header-display":"","ast-hfb-below-header-display":"","ast-hfb-mobile-header-display":"","site-post-title":"","ast-breadcrumbs-content":"","ast-featured-img":"","footer-sml-layout":"","theme-transparent-header-meta":"default","adv-header-id-meta":"","stick-header-meta":"default","header-above-stick-meta":"","header-main-stick-meta":"","header-below-stick-meta":""},"product_cat":[22],"product_tag":[],"class_list":{"0":"post-168","1":"product","2":"type-product","3":"status-publish","4":"has-post-thumbnail","6":"product_cat-laminas","7":"desktop-align-left","8":"tablet-align-left","9":"mobile-align-left","10":"ast-product-gallery-layout-horizontal-slider","11":"ast-product-single-variable","12":"ast-product-tabs-layout-horizontal","14":"first","15":"instock","16":"sale","17":"shipping-taxable","18":"purchasable","19":"product-type-variable"},"_links":{"self":[{"href":"https:\/\/kastitattoo.com\/index.php?rest_route=\/wp\/v2\/product\/168","targetHints":{"allow":["GET"]}}],"collection":[{"href":"https:\/\/kastitattoo.com\/index.php?rest_route=\/wp\/v2\/product"}],"about":[{"href":"https:\/\/kastitattoo.com\/index.php?rest_route=\/wp\/v2\/types\/product"}],"wp:featuredmedia":[{"embeddable":true,"href":"https:\/\/kastitattoo.com\/index.php?rest_route=\/wp\/v2\/media\/174"}],"wp:attachment":[{"href":"https:\/\/kastitattoo.com\/index.php?rest_route=%2Fwp%2Fv2%2Fmedia&parent=168"}],"wp:term":[{"taxonomy":"product_cat","embeddable":true,"href":"https:\/\/kastitattoo.com\/index.php?rest_route=%2Fwp%2Fv2%2Fproduct_cat&post=168"},{"taxonomy":"product_tag","embeddable":true,"href":"https:\/\/kastitattoo.com\/index.php?rest_route=%2Fwp%2Fv2%2Fproduct_tag&post=168"}],"curies":[{"name":"wp","href":"https:\/\/api.w.org\/{rel}","templated":true}]}}