{"id":195,"date":"2022-12-24T09:46:18","date_gmt":"2022-12-24T09:46:18","guid":{"rendered":"https:\/\/kastitattoo.com\/?post_type=product&#038;p=195"},"modified":"2022-12-24T10:30:50","modified_gmt":"2022-12-24T10:30:50","slug":"lamina-i-wonder","status":"publish","type":"product","link":"https:\/\/kastitattoo.com\/?product=lamina-i-wonder","title":{"rendered":"L\u00e1mina I wonder"},"content":{"rendered":"","protected":false},"excerpt":{"rendered":"<p>L\u00e1mina tama\u00f1os A4 y A3 en papel de acuarela de 250gr\u00a0 \u00a0con ilustraci\u00f3n \u00ab<em>I wonder\u00bb<\/em>, (como tambi\u00e9n dice la canci\u00f3n).<\/p>\n<p>(No incluye marco, peeeero va firmada)<\/p>\n<p>&nbsp;<\/p>\n","protected":false},"featured_media":190,"template":"","meta":{"rank_math_lock_modified_date":false,"site-sidebar-layout":"default","site-content-layout":"default","ast-global-header-display":"","ast-main-header-display":"","ast-hfb-above-header-display":"","ast-hfb-below-header-display":"","ast-hfb-mobile-header-display":"","site-post-title":"","ast-breadcrumbs-content":"","ast-featured-img":"","footer-sml-layout":"","theme-transparent-header-meta":"default","adv-header-id-meta":"","stick-header-meta":"default","header-above-stick-meta":"","header-main-stick-meta":"","header-below-stick-meta":""},"product_cat":[22],"product_tag":[],"class_list":{"0":"post-195","1":"product","2":"type-product","3":"status-publish","4":"has-post-thumbnail","6":"product_cat-laminas","7":"desktop-align-left","8":"tablet-align-left","9":"mobile-align-left","10":"ast-product-gallery-layout-horizontal-slider","11":"ast-product-gallery-with-no-image","12":"ast-product-single-variable","13":"ast-product-tabs-layout-horizontal","15":"first","16":"instock","17":"sale","18":"shipping-taxable","19":"purchasable","20":"product-type-variable"},"_links":{"self":[{"href":"https:\/\/kastitattoo.com\/index.php?rest_route=\/wp\/v2\/product\/195","targetHints":{"allow":["GET"]}}],"collection":[{"href":"https:\/\/kastitattoo.com\/index.php?rest_route=\/wp\/v2\/product"}],"about":[{"href":"https:\/\/kastitattoo.com\/index.php?rest_route=\/wp\/v2\/types\/product"}],"wp:featuredmedia":[{"embeddable":true,"href":"https:\/\/kastitattoo.com\/index.php?rest_route=\/wp\/v2\/media\/190"}],"wp:attachment":[{"href":"https:\/\/kastitattoo.com\/index.php?rest_route=%2Fwp%2Fv2%2Fmedia&parent=195"}],"wp:term":[{"taxonomy":"product_cat","embeddable":true,"href":"https:\/\/kastitattoo.com\/index.php?rest_route=%2Fwp%2Fv2%2Fproduct_cat&post=195"},{"taxonomy":"product_tag","embeddable":true,"href":"https:\/\/kastitattoo.com\/index.php?rest_route=%2Fwp%2Fv2%2Fproduct_tag&post=195"}],"curies":[{"name":"wp","href":"https:\/\/api.w.org\/{rel}","templated":true}]}}