{"id":208,"date":"2022-12-24T10:01:33","date_gmt":"2022-12-24T10:01:33","guid":{"rendered":"https:\/\/kastitattoo.com\/?post_type=product&#038;p=208"},"modified":"2022-12-24T10:13:39","modified_gmt":"2022-12-24T10:13:39","slug":"triptico-manana-hoy-sera-ayer","status":"publish","type":"product","link":"https:\/\/kastitattoo.com\/?product=triptico-manana-hoy-sera-ayer","title":{"rendered":"Tr\u00edptico Ma\u00f1ana hoy ser\u00e1 ayer"},"content":{"rendered":"","protected":false},"excerpt":{"rendered":"<p>Tr\u00edptico compuesto por 3 l\u00e1minas <em>\u00abMa\u00f1ana hoy ser\u00e1 ayer\u00bb<\/em> en papel de acuarela de 250 gr.<\/p>\n<p>Cada una con un tama\u00f1o de 10x15cm.<\/p>\n<p>No incluye marco, pero cada una va con su firma. \ud83d\ude42<\/p>\n","protected":false},"featured_media":209,"template":"","meta":{"rank_math_lock_modified_date":false,"site-sidebar-layout":"default","site-content-layout":"default","ast-global-header-display":"","ast-main-header-display":"","ast-hfb-above-header-display":"","ast-hfb-below-header-display":"","ast-hfb-mobile-header-display":"","site-post-title":"","ast-breadcrumbs-content":"","ast-featured-img":"","footer-sml-layout":"","theme-transparent-header-meta":"default","adv-header-id-meta":"","stick-header-meta":"default","header-above-stick-meta":"","header-main-stick-meta":"","header-below-stick-meta":""},"product_cat":[22,25],"product_tag":[],"class_list":{"0":"post-208","1":"product","2":"type-product","3":"status-publish","4":"has-post-thumbnail","6":"product_cat-laminas","7":"product_cat-tripticos","8":"desktop-align-left","9":"tablet-align-left","10":"mobile-align-left","11":"ast-product-gallery-layout-horizontal-slider","12":"ast-product-tabs-layout-horizontal","14":"first","15":"instock","16":"shipping-taxable","17":"purchasable","18":"product-type-simple"},"_links":{"self":[{"href":"https:\/\/kastitattoo.com\/index.php?rest_route=\/wp\/v2\/product\/208","targetHints":{"allow":["GET"]}}],"collection":[{"href":"https:\/\/kastitattoo.com\/index.php?rest_route=\/wp\/v2\/product"}],"about":[{"href":"https:\/\/kastitattoo.com\/index.php?rest_route=\/wp\/v2\/types\/product"}],"wp:featuredmedia":[{"embeddable":true,"href":"https:\/\/kastitattoo.com\/index.php?rest_route=\/wp\/v2\/media\/209"}],"wp:attachment":[{"href":"https:\/\/kastitattoo.com\/index.php?rest_route=%2Fwp%2Fv2%2Fmedia&parent=208"}],"wp:term":[{"taxonomy":"product_cat","embeddable":true,"href":"https:\/\/kastitattoo.com\/index.php?rest_route=%2Fwp%2Fv2%2Fproduct_cat&post=208"},{"taxonomy":"product_tag","embeddable":true,"href":"https:\/\/kastitattoo.com\/index.php?rest_route=%2Fwp%2Fv2%2Fproduct_tag&post=208"}],"curies":[{"name":"wp","href":"https:\/\/api.w.org\/{rel}","templated":true}]}}