{"id":344,"date":"2024-11-24T12:45:18","date_gmt":"2024-11-24T12:45:18","guid":{"rendered":"https:\/\/kastitattoo.com\/?post_type=product&#038;p=344"},"modified":"2024-11-26T11:25:30","modified_gmt":"2024-11-26T11:25:30","slug":"laminas-personalizadas-historias-en-papel","status":"publish","type":"product","link":"https:\/\/kastitattoo.com\/?product=laminas-personalizadas-historias-en-papel","title":{"rendered":"L\u00c1MINAS PERSONALIZADAS (Historias en papel)"},"content":{"rendered":"<h3>L\u00e1minas Personalizadas<\/h3>\n<p>Imagina capturar una historia especial en una <strong>ilustraci\u00f3n \u00fanica<\/strong>.<\/p>\n<p>Ahora, puedo llevar mi proceso creativo como tatuador al papel: <strong>l\u00e1minas personalizadas en tama\u00f1os A4 y A3<\/strong>, dise\u00f1adas <strong>exclusivamente para ti<\/strong> o para alguien especial.<\/p>\n<p>El precio de las l\u00e1minas depender\u00e1 de la complejidad del dise\u00f1o y del tama\u00f1o elegido. Estos son los rangos de precios:<\/p>\n<ul>\n<li>Tama\u00f1o L\u00e1mina <strong>A5<\/strong> (15 x 21 cm): 120-160 \u20ac<\/li>\n<li>Tama\u00f1o L\u00e1mina <strong>A4 <\/strong>(21 x 29,97cm) : 180-220 \u20ac<\/li>\n<li>Tama\u00f1o L\u00e1mina <strong>A3 <\/strong>(29,97 x 42 cm) : 250-300 \u20ac<\/li>\n<\/ul>\n<p>\u2705 El proceso es <strong>super sencillo<\/strong>:<\/p>\n<ol>\n<li>Lleva a cabo tu compra, pagando 50 euros en concepto de reserva.<\/li>\n<li>Te llegar\u00e1 un correo con los detalles de pago, y c\u00f3mo contarme la historia.<\/li>\n<li>Te enviar\u00e9 un mail para pulir los detalles.<\/li>\n<li>Acordamos una fecha de entrega.<\/li>\n<li>Tu te olvidas y yo <del>me vuelvo un poco loco<\/del> me pongo a trabajar en el dise\u00f1o.<\/li>\n<li>Te la env\u00edo a casa o quedamos para la entrega en mano.<\/li>\n<\/ol>\n<p>\ud83d\udca1 <strong>\u00bfC\u00f3mo funciona?<\/strong><br \/>\nT\u00fa me compartes una historia, un momento inolvidable o una emoci\u00f3n. A partir de ah\u00ed, transformo esa esencia en una ilustraci\u00f3n \u00fanica, creada en mi estilo personal.<\/p>\n<h4>\u00bfQu\u00e9 hace especiales a estas l\u00e1minas personalizadas?<\/h4>\n<p>1\ufe0f\u20e3 <strong>100% \u00danicas y Originales:<\/strong> Cada l\u00e1mina es creada a partir de tu historia, lo que garantiza que sea irrepetible.<br \/>\n2\ufe0f\u20e3 <strong>Exclusividad Total:<\/strong> Solo acepto <strong>5 encargos \u00fanicos<\/strong>, asegurando que cada obra sea verdaderamente especial.<br \/>\n3\ufe0f\u20e3 <strong>Alternativa Perfecta a los Tatuajes:<\/strong> Si no est\u00e1s listo para tatuarte o quieres hacer un regalo, estas l\u00e1minas son una forma \u00fanica de plasmar tus emociones en arte.<\/p>\n<p><span style=\"color: #ff0000;\"><strong>Fecha l\u00edmite para hacer el encargo 1 de diciembre de 2024<\/strong><\/span><\/p>\n<p>&nbsp;<\/p>\n","protected":false},"excerpt":{"rendered":"<p>Transforma una historia especial en una ilustraci\u00f3n.<\/p>\n<p>Como tatuador, llevo mi proceso creativo al papel con <strong>l\u00e1minas personalizadas en tama\u00f1o A5, A4 y A3<\/strong>, dise\u00f1adas a partir de tus historias, situaciones, recuerdos o emociones y en mi estilo personal.<\/p>\n<p>El precio de las l\u00e1minas depender\u00e1 de la complejidad del dise\u00f1o y del tama\u00f1o elegido. Estos son los rangos de precios:<\/p>\n<ul>\n<li>Tama\u00f1o L\u00e1mina <strong>A5<\/strong> (15 x 21 cm): 120-160 \u20ac<\/li>\n<li>Tama\u00f1o L\u00e1mina <strong>A4 <\/strong>(21 x 29,97cm) : 180-220 \u20ac<\/li>\n<li>Tama\u00f1o L\u00e1mina <strong>A3 <\/strong>(29,97 x 42 cm) : 250-300 \u20ac<\/li>\n<\/ul>\n<p>Los 50\u20ac de la reserva se descontar\u00e1n al precio final.<\/p>\n<p>Puedes ver mi trabajo en mi perfil de instagram: <a href=\"https:\/\/www.instagram.com\/kasti.tattoo\/?hl=es\">@kasti.tattoo<\/a><\/p>\n<p><span style=\"color: #ff0000;\"><strong>Fecha l\u00edmite para hacer el encargo 1 de diciembre de 2024<\/strong><\/span><\/p>\n<p>&nbsp;<\/p>\n","protected":false},"featured_media":345,"template":"","meta":{"rank_math_lock_modified_date":false,"site-sidebar-layout":"default","site-content-layout":"default","ast-global-header-display":"","ast-main-header-display":"","ast-hfb-above-header-display":"","ast-hfb-below-header-display":"","ast-hfb-mobile-header-display":"","site-post-title":"","ast-breadcrumbs-content":"","ast-featured-img":"","footer-sml-layout":"","theme-transparent-header-meta":"default","adv-header-id-meta":"","stick-header-meta":"default","header-above-stick-meta":"","header-main-stick-meta":"","header-below-stick-meta":""},"product_cat":[22],"product_tag":[],"class_list":{"0":"post-344","1":"product","2":"type-product","3":"status-publish","4":"has-post-thumbnail","6":"product_cat-laminas","7":"desktop-align-left","8":"tablet-align-left","9":"mobile-align-left","10":"ast-product-gallery-layout-horizontal-slider","11":"ast-product-gallery-with-no-image","12":"ast-product-tabs-layout-horizontal","14":"first","15":"instock","16":"shipping-taxable","17":"purchasable","18":"product-type-simple"},"_links":{"self":[{"href":"https:\/\/kastitattoo.com\/index.php?rest_route=\/wp\/v2\/product\/344","targetHints":{"allow":["GET"]}}],"collection":[{"href":"https:\/\/kastitattoo.com\/index.php?rest_route=\/wp\/v2\/product"}],"about":[{"href":"https:\/\/kastitattoo.com\/index.php?rest_route=\/wp\/v2\/types\/product"}],"wp:featuredmedia":[{"embeddable":true,"href":"https:\/\/kastitattoo.com\/index.php?rest_route=\/wp\/v2\/media\/345"}],"wp:attachment":[{"href":"https:\/\/kastitattoo.com\/index.php?rest_route=%2Fwp%2Fv2%2Fmedia&parent=344"}],"wp:term":[{"taxonomy":"product_cat","embeddable":true,"href":"https:\/\/kastitattoo.com\/index.php?rest_route=%2Fwp%2Fv2%2Fproduct_cat&post=344"},{"taxonomy":"product_tag","embeddable":true,"href":"https:\/\/kastitattoo.com\/index.php?rest_route=%2Fwp%2Fv2%2Fproduct_tag&post=344"}],"curies":[{"name":"wp","href":"https:\/\/api.w.org\/{rel}","templated":true}]}}